{"id":3,"date":"2024-03-12T17:25:58","date_gmt":"2024-03-12T16:25:58","guid":{"rendered":"https:\/\/www.vetroarredo.biz\/?page_id=3"},"modified":"2024-03-22T11:59:29","modified_gmt":"2024-03-22T10:59:29","slug":"privacy-cookie-policy","status":"publish","type":"page","link":"https:\/\/www.vetroarredo.biz\/index.php\/privacy-cookie-policy\/","title":{"rendered":"Privacy e Cookie Policy"},"content":{"rendered":"\n<h2 class=\"wp-block-heading\">Chi siamo<\/h2>\n\n\n\n<p>L&#8217;indirizzo del nostro sito web \u00e8: https:\/\/www.vetroarredo.biz. Siamo un&#8217;<strong>azienda artigiana del vetro<\/strong> a conduzione famigliare con sede fisica in <strong>Via Cavalieri del Lavoro 2\/7 a Moncalieri (TO) Italy<\/strong>. Il titolare unico, Stefano Moretti, \u00e8 anche il responsabile per il trattamento dei dati. <\/p>\n\n\n\n<h2 class=\"wp-block-heading\">Commenti<\/h2>\n\n\n\n<p><strong class=\"privacy-policy-tutorial\">I commenti non sono attivi sul nostro sito.<\/strong> Nel caso venissero resi attivi, quando i visitatori lasciano commenti raccogliamo i dati mostrati nel modulo di inserimento oltre all&#8217;indirizzo IP e la stringa dello user agent del browser per facilitare il rilevamento dello spam.<\/p>\n\n\n\n<p>In caso di inserimento, una stringa anonimizzata creata a partire dal tuo indirizzo email (altrimenti detta hash) pu\u00f2 essere fornita al servizio Gravatar per verificare se lo stai usando. La privacy policy del servizio Gravatar \u00e8 disponibile all&#8217;indirizzo: https:\/\/automattic.com\/privacy\/. Dopo l&#8217;approvazione, la tua eventuale immagine di profilo diventa visibile al pubblico nel contesto del tuo commento.<\/p>\n\n\n\n<h2 class=\"wp-block-heading\">Finalit\u00e0 del trattamento<\/h2>\n\n\n\n<p>I dati vengono trattati con l&#8217;esclusiva finalit\u00e0 statistica per monitorare le visite al sito e per rispondere alle vostre richieste.<\/p>\n\n\n\n<h2 class=\"wp-block-heading\">Media<\/h2>\n\n\n\n<p><strong class=\"privacy-policy-tutorial\">Non \u00e8 possibile caricare immagini su questo sito.<\/strong> Qualora venisse abilitata questa opzione, dovresti evitare di caricare immagini che includano i dati di posizione incorporati (EXIF GPS) e che includano soggetti terzi o riferimenti personali. I visitatori di un sito web possono salvare le immagini e provare a scaricare ed estrarre qualsiasi dato sulla posizione dalle immagini caricate.<\/p>\n\n\n\n<h2 class=\"wp-block-heading\">Cookie<\/h2>\n\n\n\n<p><strong class=\"privacy-policy-tutorial\">Non utilizziamo cookie per fini pubblicitari, ma solo per garantirti una normale navigazione e per fini statistici di controllo delle visite del sito.<\/strong> Qualora fossero abilitati i commenti, potrai scegliere di salvare il tuo nome, indirizzo email e sito web nei cookie. Nel caso, vengono usati per tua comodit\u00e0 in modo che tu non debba inserire nuovamente i tuoi dati quando lasci un altro commento. Questi cookie dureranno per un anno e potrai comunque decidere se salvarli o meno.<\/p>\n\n\n\n<p>Se visiti la pagina di login, verr\u00e0 impostato un cookie temporaneo per determinare se il tuo browser accetta i cookie. Questo cookie non contiene dati personali e viene eliminato quando chiudi il browser.<\/p>\n\n\n\n<p>Quando effettui l&#8217;accesso, verranno impostati diversi cookie per salvare le tue informazioni di accesso e le tue opzioni di visualizzazione dello schermo. I cookie di accesso durano due giorni mentre i cookie per le opzioni dello schermo durano un anno. Se selezioni &#8220;Ricordami&#8221;, il tuo accesso persister\u00e0 per due settimane. Se esci dal tuo account, i cookie di accesso verranno rimossi. Al momento non \u00e8 comunque possibile registrarsi su questo sito.<\/p>\n\n\n\n<p>Se modifichi o pubblichi un articolo, un cookie aggiuntivo verr\u00e0 salvato nel tuo browser. Questo cookie non include dati personali, ma indica semplicemente l&#8217;ID dell&#8217;articolo appena modificato. Scade dopo 1 giorno.<\/p>\n\n\n\n<p>Ti ricordiamo in ogni caso che puoi sempre cancellare tutti i cookie andando nelle impostazioni del tuo browser, normalmente nelle opzioni di cronologia e\/o sicurezza.<\/p>\n\n\n\n<h2 class=\"wp-block-heading\">Contenuto incorporato da altri siti web<\/h2>\n\n\n\n<p><strong class=\"privacy-policy-tutorial\">Incorporiamo esclusivamente contenuto proveniente da Google Maps e inerente la nostra attivit\u00e0, per mostrare recensioni e relative immagini.<\/strong>  I contenuti incorporati da altri siti web si comportano esattamente allo stesso modo in cui si comporterebbero se il visitatore visitasse gli altri siti, per questo motivo ti invitiamo a consultare anche la privacy policy di Google, raggiungibile tramite l&#8217;URL https:\/\/policies.google.com\/privacy?hl=it-IT<\/p>\n\n\n\n<p>Google pu\u00f2 raccogliere dati su di te, usare cookie, integrare ulteriori tracciamenti di terze parti e monitorare l&#8217;interazione con essi, incluso il tracciamento della tua interazione con il contenuto incorporato, in particolare se hai un account e sei connesso al loro sito web.<\/p>\n\n\n\n<h2 class=\"wp-block-heading\">Con chi condividiamo i tuoi dati<\/h2>\n\n\n\n<p>Se amministri questo sito come editor e richiedi una reimpostazione della password, il tuo indirizzo IP verr\u00e0 incluso nell&#8217;email di reimpostazione. Qualora venisse abilitata la registrazione utenti, la stessa cosa accadrebbe per chi si registrasse o chiedesse la reimpostazione della password. Per il resto non condividiamo i tuoi dati  con terze parti se non quelli di navigazione (IP e User Agent) con sistemi automatici ai fini statistici di conteggio delle visite al sito.<\/p>\n\n\n\n<p>I dati della form di contatto non vengono ceduti a terze parti, vengono inviati via email direttamente alla nostra casella di posta elettronica e sono utilizzati solo per espletare le richieste ricevute.<\/p>\n\n\n\n<h2 class=\"wp-block-heading\">Per quanto tempo conserviamo i tuoi dati<\/h2>\n\n\n\n<p>Qualora venisse attivata la possibilit\u00e0 di lasciare un commento, il testo e i relativi metadati verranno conservati a tempo indeterminato. \u00c8 cos\u00ec che possiamo riconoscere e approvare automaticamente eventuali invii successivi invece di tenerli in una coda di moderazione.<\/p>\n\n\n\n<p>Per gli utenti che si registrano sul nostro sito web (nel caso in cui venisse attivata l&#8217;opzione e se presenti), memorizzeremo anche le informazioni personali che decideranno di fornire nel loro profilo utente. Tutti gli utenti eventualmente registrati potranno vedere, modificare o eliminare le loro informazioni personali fornite liberamente in qualsiasi momento (eccetto il loro nome utente che non \u00e8 possibile modificare). Gli amministratori del sito web possono anche vedere, modificare o cancellare su richiesta queste informazioni. Attualmente non memorizziamo alcun dato personale all&#8217;interno del software o dei database del sito web online.<\/p>\n\n\n\n<p>Ogni richiesta di modifica dati pu\u00f2 essere effettuata per iscritto tramite email, utilizzando il link con l&#8217;icona a bustina presente nell&#8217;area contatti di questo sito.<\/p>\n\n\n\n<h2 class=\"wp-block-heading\">Quali diritti hai sui tuoi dati<\/h2>\n\n\n\n<p>Se hai un account su questo sito o hai lasciato commenti, puoi richiedere di ricevere un file esportato dal sito con i dati personali che abbiamo su di te, compresi quelli che ci hai fornito. Puoi anche richiedere la cancellazione di tutti i dati personali che ti riguardano comprovando la tua identit\u00e0 con la richiesta. Questo non include i dati che siamo obbligati a conservare per scopi amministrativi, legali o di sicurezza. Fino a che la registrazione rester\u00e0 disattiva, non saranno presenti dati personali online, n\u00e9 all&#8217;interno del sito n\u00e9 in alcun database. <\/p>\n\n\n\n<p>In ogni caso non abbiamo inserito n\u00e9 inseriremo su database online i dati dei nostri clienti n\u00e9 dei contatti, che gestiamo nella rete locale dell&#8217;ufficio della nostra sede fisica, protetta da firewall e antivirus sempre aggiornati.<\/p>\n\n\n\n<h2 class=\"wp-block-heading\">Dove sono inviati i tuoi dati <\/h2>\n\n\n\n<p>I commenti dei visitatori possono essere controllati attraverso un servizio di rilevamento automatico dello spam. I dati forniti tramite la form dei contatti vengono invece inviati esclusivamente tramite email alla nostra casella di posta elettronica, raggiungibile anche tramite il collegamento dedicato (icona a bustina) nella sezione dati dell&#8217;area contatti (facendo click sulla voce di men\u00f9 &#8220;Contattaci&#8221;)<\/p>\n\n\n\n<p>Venerd\u00ec 22 marzo 2024,<br>Restiamo in ogni caso a disposizione per ogni chiarimento eventuale e vi auguriamo una buona navigazione!<\/p>\n","protected":false},"excerpt":{"rendered":"<p>Chi siamo L&#8217;indirizzo del nostro sito web \u00e8: https:\/\/www.vetroarredo.biz. Siamo un&#8217;azienda artigiana del vetro a conduzione famigliare con sede fisica in Via Cavalieri del Lavoro 2\/7 a Moncalieri (TO) Italy. Il titolare unico, Stefano Moretti, \u00e8 anche il responsabile per il trattamento dei dati. Commenti I commenti non sono attivi sul nostro sito. Nel caso [&hellip;]<\/p>\n","protected":false},"author":1,"featured_media":1099,"parent":0,"menu_order":0,"comment_status":"closed","ping_status":"closed","template":"","meta":{"footnotes":""},"class_list":["post-3","page","type-page","status-publish","has-post-thumbnail","hentry"],"blocksy_meta":[],"jetpack_sharing_enabled":true,"_links":{"self":[{"href":"https:\/\/www.vetroarredo.biz\/index.php\/wp-json\/wp\/v2\/pages\/3","targetHints":{"allow":["GET"]}}],"collection":[{"href":"https:\/\/www.vetroarredo.biz\/index.php\/wp-json\/wp\/v2\/pages"}],"about":[{"href":"https:\/\/www.vetroarredo.biz\/index.php\/wp-json\/wp\/v2\/types\/page"}],"author":[{"embeddable":true,"href":"https:\/\/www.vetroarredo.biz\/index.php\/wp-json\/wp\/v2\/users\/1"}],"replies":[{"embeddable":true,"href":"https:\/\/www.vetroarredo.biz\/index.php\/wp-json\/wp\/v2\/comments?post=3"}],"version-history":[{"count":9,"href":"https:\/\/www.vetroarredo.biz\/index.php\/wp-json\/wp\/v2\/pages\/3\/revisions"}],"predecessor-version":[{"id":1098,"href":"https:\/\/www.vetroarredo.biz\/index.php\/wp-json\/wp\/v2\/pages\/3\/revisions\/1098"}],"wp:featuredmedia":[{"embeddable":true,"href":"https:\/\/www.vetroarredo.biz\/index.php\/wp-json\/wp\/v2\/media\/1099"}],"wp:attachment":[{"href":"https:\/\/www.vetroarredo.biz\/index.php\/wp-json\/wp\/v2\/media?parent=3"}],"curies":[{"name":"wp","href":"https:\/\/api.w.org\/{rel}","templated":true}]}}